{"id":76310,"date":"2021-12-20T12:54:31","date_gmt":"2021-12-20T12:54:31","guid":{"rendered":"https:\/\/convertingstars.com\/?page_id=76310"},"modified":"2022-12-27T17:07:56","modified_gmt":"2022-12-27T17:07:56","slug":"privacy-policy","status":"publish","type":"page","link":"https:\/\/convertingstars.com\/it\/privacy-policy\/","title":{"rendered":"Informativa sulla Privacy"},"content":{"rendered":"<div data-elementor-type=\"wp-page\" data-elementor-id=\"76310\" class=\"elementor elementor-76310\" data-elementor-settings=\"[]\">\n\t\t\t\t\t\t\t<div class=\"elementor-section-wrap\">\n\t\t\t\t\t\t\t<section class=\"elementor-section elementor-top-section elementor-element elementor-element-78ecd01 elementor-section-boxed elementor-section-height-default elementor-section-height-default\" data-id=\"78ecd01\" data-element_type=\"section\">\n\t\t\t\t\t\t<div class=\"elementor-container elementor-column-gap-default\">\n\t\t\t\t\t<div class=\"elementor-column elementor-col-100 elementor-top-column elementor-element elementor-element-761bcb0\" data-fullscreen-column-settings=\"{&quot;fullscreen&quot;:&quot;&quot;}\" data-id=\"761bcb0\" data-element_type=\"column\">\n\t\t\t<div class=\"elementor-widget-wrap elementor-element-populated\">\n\t\t\t\t\t\t\t\t<div class=\"elementor-element elementor-element-30045e7 elementor-widget elementor-widget-text-editor\" data-id=\"30045e7\" data-element_type=\"widget\" data-widget_type=\"text-editor.default\">\n\t\t\t\t<div class=\"elementor-widget-container\">\n\t\t\t<style>\/*! elementor - v3.5.0 - 12-12-2021 *\/\n.elementor-widget-text-editor.elementor-drop-cap-view-stacked .elementor-drop-cap{background-color:#818a91;color:#fff}.elementor-widget-text-editor.elementor-drop-cap-view-framed .elementor-drop-cap{color:#818a91;border:3px solid;background-color:transparent}.elementor-widget-text-editor:not(.elementor-drop-cap-view-default) .elementor-drop-cap{margin-top:8px}.elementor-widget-text-editor:not(.elementor-drop-cap-view-default) .elementor-drop-cap-letter{width:1em;height:1em}.elementor-widget-text-editor .elementor-drop-cap{float:left;text-align:center;line-height:1;font-size:50px}.elementor-widget-text-editor .elementor-drop-cap-letter{display:inline-block}<\/style>\t\t\t\t<p>Converting Stars LTD (\"Societ\u00e0\") rispetta le tue preoccupazioni sulla privacy. La presente Informativa sulla Privacy descrive i tipi di informazioni che raccogliamo su https:\/\/convertingstars.com\/ (il \"Sito Web\"), come utilizziamo le informazioni, con chi le condividiamo e le scelte disponibili in merito al nostro utilizzo delle informazioni. L'Informativa sulla Privacy descrive inoltre le misure che adottiamo per salvaguardare le informazioni, per quanto tempo le conserviamo e come puoi contattarci in merito alle nostre pratiche sulla privacy ed esercitare i tuoi diritti. <br \/><br \/><br \/><strong>DATI CHE RACCOGLIAMO<\/strong> <br \/><br \/>Durante la compilazione del nostro modulo di registrazione online ti chiediamo di fornirci le informazioni sulla tua attivit\u00e0, come il nome della tua attivit\u00e0 e i dettagli di contatto. Devi fornire dettagli completi, accurati e corretti e con la presente confermi che i dettagli che hai fornito sono corretti. Per legge non sei obbligato fornire i tuoi dati alla Societ\u00e0. Tuttavia, se fornisci informazioni false, errate o obsolete o solo informazioni parziali, ci\u00f2 potrebbe compromettere la nostra capacit\u00e0 di contattarti. La Societ\u00e0 pu\u00f2 raccogliere informazioni sulla tua attivit\u00e0 sul sito web, comprese le informazioni o i contenuti che hai letto, la durata delle sessioni, le pagine web che hai guardato, i servizi che hanno riscosso il tuo interesse, la posizione del computer e l'indirizzo del Protocollo Internet (IP) attraverso il quale ha avuto accesso al Sito Web e altro. Inoltre, la Societ\u00e0 pu\u00f2 raccogliere o avvalersi dell'assistenza di terzi per raccogliere e analizzare informazioni anonime, statistiche o aggregate relative all'utilizzo del Sito Web da parte dell'utente. <br \/><br \/><br \/><strong>UTILIZZO DELLE INFORMAZIONI RACCOLTE<\/strong> <br \/><br \/>Conserveremo nel nostro database (il \"database\") le informazioni fornite e le informazioni che raccogliamo sulla tua attivit\u00e0 sul Sito Web. Utilizzeremo le informazioni contenute nella presente Informativa e in qualsiasi legge applicabile, anche per i seguenti scopi: <br \/><br \/>1) Per fornire i servizi sul Sito Web e per consentirne l'utilizzo; <br \/><br \/>2) Per sviluppare e migliorare i nostri prodotti e servizi nel loro insieme e migliorare ed espandere i servizi e i contenuti offerti sul Sito Web, creare nuovi servizi e contenuti che corrispondano ai requisiti e alle aspettative degli utenti del Sito Web e dei nostri clienti e per modificare o cancellare servizi e contenuti esistenti. Le informazioni utilizzate dalla Societ\u00e0 a tale scopo saranno prevalentemente statistiche; <br \/><br \/>3) Per contattarti occasionalmente, dalla Societ\u00e0 o da chiunque per nostro conto, anche inviando messaggi di posta elettronica, messaggi SMS e informazioni relative ai nostri servizi e prodotti; <br \/><br \/>4) Per condurre ricerche e sondaggi e altre attivit\u00e0 simili relative allo sviluppo di prodotti e servizi; <br \/><br \/>5) Per analizzare e fornire informazioni statistiche a terzi. Tali informazioni non identificheranno la tua attivit\u00e0; <br \/><br \/>6) Per l'ordinato e corretto funzionamento e sviluppo del Sito Web; <br \/><br \/>7) Per qualsiasi altro scopo specificato nella presente Informativa o nei Termini d'Uso del Sito Web. <br \/><br \/><br \/><strong>TRASFERIMENTO DI INFORMAZIONI A TERZI.<\/strong> <br \/><br \/>Potremmo condividere le informazioni delineate nella presente informativa, con altri, in uno dei seguenti casi: <br \/><br \/>1) Con i nostri fornitori di servizi per gestire, mantenere e migliorare il Sito Web e facilitare le nostre comunicazioni email con te; <br \/><br \/>2) Se hai abusato dei tuoi diritti di utilizzo del Sito Web o violato qualsiasi legge applicabile, le tue informazioni potrebbero essere condivise con le autorit\u00e0 o altre terze parti se lo riteniamo necessario o giustificato; <br \/><br \/>3) Con legali, tribunali e soggetti terzi rilevanti, in ogni caso di controversia o procedimento giudiziario di qualsiasi natura che ti coinvolga in relazione al Sito Web; <br \/><br \/>4) Se il funzionamento del Sito Web \u00e8 organizzato in un quadro diverso o attraverso un'altra struttura legale o entit\u00e0 (ad esempio a causa di una fusione o acquisizione), a condizione che tali entit\u00e0 accettino di essere vincolate dalle disposizioni della presente politica, con modifiche prese in considerazione; e <br \/><br \/>5) Potremmo condividere le tue informazioni con le entit\u00e0 del nostro gruppo aziendale (aziende che controlliamo, ci controllano o che sono sotto il controllo comune con noi, direttamente o indirettamente). Tuttavia, il loro utilizzo di tali informazioni deve essere conforme alla politica. <br \/><br \/>6) In ogni caso diverso da quanto sopra, i tuoi dati saranno condivisi con altri solo previo tuo consenso esplicito. <br \/><br \/><br \/><strong>ACCEDERE, AGGIORNARE O CANCELLARE LE TUE INFORMAZIONI E OTTENERNE UNA COPIA<\/strong> <br \/><br \/>Rispettiamo i tuoi diritti alla privacy, pertanto puoi contattarci in qualsiasi momento e richiedere: <br \/><br \/>1) di accedere, cancellare, modificare o aggiornare qualsiasi Informazione che ti riguarda (ad esempio, se ritieni che le tue informazioni commerciali non siano corrette, puoi chiederne la correzione o la cancellazione); o <br \/><br \/>2) che cesseremo qualsiasi ulteriore utilizzo delle tue informazioni commerciali (ad esempio, potresti chiederci di smettere di utilizzare o condividere le tue informazioni commerciali con terze parti) o che rimuoveremo le tue informazioni commerciali (soggetto a qualsiasi altro obbligo legale che potrebbe richiederci di conservare le informazioni). Tieni presente che, a meno che non vi siano indicazioni diverse da parte tua, conserviamo le informazioni che raccogliamo per il tempo necessario per fornire i servizi, rispettare i nostri obblighi legali, risolvere controversie e far rispettare i nostri accordi. Possiamo rettificare, reintegrare o rimuovere informazioni incomplete o imprecise in qualsiasi momento e a nostra discrezione. Se desideri presentare un reclamo sulla gestione delle informazioni sulla tua attivit\u00e0, contattaci direttamente all'indirizzo marketing@convertingstars.com. Supponiamo che tu non sia soddisfatto della nostra risposta o che tu ritenga che raccogliamo o elaboriamo le tue informazioni commerciali al di fuori del quadro normativo. In tal caso puoi presentare un reclamo all'autorit\u00e0 competente per la protezione dei dati. <br \/><br \/><br \/><strong>DIRITTO APPLICABILE<\/strong> <br \/><br \/>Le leggi del Regno Unito disciplinano la presente Informativa sulla Privacy indipendentemente dalla disposizione sul conflitto normativo. Acconsenti alla giurisdizione esclusiva dei tribunali in relazione a qualsiasi azione o controversia insorta tra le parti ai sensi o in connessione con la presente Informativa sulla Privacy. <br \/><br \/>Le leggi del Regno Unito, escluse le norme sui conflitti di legge, regoleranno il presente Accordo e l'utilizzo del sito web da parte dell'utente. L'utilizzo del sito web pu\u00f2 essere soggetto anche ad altre leggi locali, statali, nazionali o internazionali. <br \/><br \/>Utilizzando Converting Stars o contattandoci direttamente, dichiari di accettare la presente Informativa sulla Privacy. Se non accetti la presente Informativa sulla Privacy, non dovresti interagire con il nostro sito web o utilizzare i nostri servizi. L'uso continuato del sito web, il coinvolgimento diretto con noi o in seguito alla pubblicazione di modifiche alla presente Informativa sulla Privacy che non influiscano in modo significativo sull'utilizzo o sulla divulgazione delle informazioni aziendali dell'utente significher\u00e0 l'accettazione di tali modifiche. <br \/><br \/><br \/><strong>DIRITTI SULLA PROTEZIONE DEI DATI GDPR<\/strong> <br \/><br \/>Vogliamo assicurarci che tu sia pienamente consapevole di tutti i tuoi diritti sulla protezione dei dati. Ogni utente ha diritto a quanto segue: <\/p><ul><li>Il diritto di accesso - Hai il diritto di richiedere copia dei tuoi dati personali. Potremmo addebitare una commissione irrisoria per tale servizio. <\/li><li>Il diritto di rettifica - Hai il diritto di richiedere la correzione di qualsiasi informazione che ritieni inesatta. Hai inoltre il diritto di richiedere il perfezionamento delle informazioni che ritieni incomplete. <\/li><li>Il diritto alla cancellazione - Hai il diritto di richiedere che vengano eliminati i tuoi dati personali secondo determinate condizioni. <\/li><li>Il diritto di limitare il trattamento - Hai il diritto di richiedere la limitazione del trattamento dei tuoi dati aziendali a determinate condizioni. <\/li><li>Il diritto di opporsi al trattamento - Hai il diritto di opporti al trattamento da parte nostra dei tuoi dati aziendali secondo determinate condizioni. <\/li><li>Il diritto alla portabilit\u00e0 dei dati - Hai il diritto di richiedere che i dati che abbiamo raccolto vengano trasferiti ad un'altra organizzazione o direttamente a te stesso, secondo determinate condizioni. <\/li><li>Abbiamo un mese per risponderti in caso di tua richiesta. Se vuoi esercitare uno di questi diritti, ti preghiamo di contattarci.<\/li><\/ul><p>\u00a0<\/p><p>\u00a0<\/p><p><strong>COOKIE E ALTRI TRACKER<\/strong> <br \/><br \/>Utilizziamo vari tipi di cookie e altri web tracker che ci aiutano ad amministrare e far funzionare il sito web. Questi tracker vengono principalmente utilizzati per la raccolta di informazioni statistiche sull'utilizzo del tuo sito web; Utilizziamo i cookie per scopi di analisi del Sito Web, come spiegato sopra. Se vuoi bloccare i cookie, puoi farlo attraverso le impostazioni del tuo browser. Puoi eliminare i cookie gi\u00e0 presenti sul tuo computer e impostare il tuo browser in modo che non vengano inseriti in futuro. Per ulteriori informazioni fai riferimento al menu di aiuto del browser utilizzato. Ricorda inoltre che la disabilitazione dei cookie pu\u00f2 influire negativamente sulla tua esperienza utente sul sito web. Non rispondiamo alle richieste \"Do Not Track\" dei browser. Secondo la legge, potresti avere il diritto di presentare un reclamo all'autorit\u00e0 di controllo competente per la protezione dei dati. <br \/><br \/><br \/><strong>MODIFICHE ALLA PRESENTE INFORMATIVA<\/strong> <br \/><br \/>Di tanto in tanto, la Societ\u00e0 pu\u00f2 modificare i termini della presente informativa. Accetti di essere vincolato a tutte le modifiche apportate ai termini della presente informativa. Continuando ad utilizzare il Sito Web indicher\u00e0 la tua accettazione dei termini modificati. Se non sei d'accordo con nessuno dei termini modificati, devi evitare qualsiasi ulteriore utilizzo del sito web. <br \/><br \/><br \/><strong>CONTATTACI<\/strong> <br \/><br \/>In caso di domande sui presenti Termini, contattaci al seguente indirizzo: 71-75, Shelton Street, Covent Garden, Londra, WC2H 9JQ, Regno Unito. <br \/><br \/>Puoi anche contattarci via email a: marketing@convertingstars.com o per telefono: +447458149527 <\/p>\t\t\t\t\t\t<\/div>\n\t\t\t\t<\/div>\n\t\t\t\t\t<\/div>\n\t\t<\/div>\n\t\t\t\t\t\t\t<\/div>\n\t\t<\/section>\n\t\t\t\t\t\t<\/div>\n\t\t\t\t\t<\/div>","protected":false},"excerpt":{"rendered":"<p>Converting Stars LTD (\u201cCompany\u201d) respects your privacy concerns. This Privacy Policy describes the types of information we collect on https:\/\/convertingstars.com\/ (the \u201cWebsite\u201d), how we use the information, with whom we share it, and the choices available regarding our use the information. The Privacy Policy also describes the measures we take to safeguard information, how long [&hellip;]<\/p>","protected":false},"author":1,"featured_media":0,"parent":0,"menu_order":0,"comment_status":"closed","ping_status":"closed","template":"","meta":{"om_disable_all_campaigns":false,"_monsterinsights_skip_tracking":false,"_monsterinsights_sitenote_active":false,"_monsterinsights_sitenote_note":"","_monsterinsights_sitenote_category":0,"footnotes":""},"yoast_head":"<!-- This site is optimized with the Yoast SEO plugin v17.8 - https:\/\/yoast.com\/wordpress\/plugins\/seo\/ -->\n<title>Privacy Policy - Converting Stars<\/title>\n<meta name=\"robots\" content=\"index, follow, max-snippet:-1, max-image-preview:large, max-video-preview:-1\" \/>\n<link rel=\"canonical\" href=\"https:\/\/convertingstars.com\/it\/privacy-policy\/\" \/>\n<meta property=\"og:locale\" content=\"it_IT\" \/>\n<meta property=\"og:type\" content=\"article\" \/>\n<meta property=\"og:title\" content=\"Privacy Policy - Converting Stars\" \/>\n<meta property=\"og:description\" content=\"Converting Stars LTD (\u201cCompany\u201d) respects your privacy concerns. This Privacy Policy describes the types of information we collect on https:\/\/convertingstars.com\/ (the \u201cWebsite\u201d), how we use the information, with whom we share it, and the choices available regarding our use the information. The Privacy Policy also describes the measures we take to safeguard information, how long [&hellip;]\" \/>\n<meta property=\"og:url\" content=\"https:\/\/convertingstars.com\/it\/privacy-policy\/\" \/>\n<meta property=\"og:site_name\" content=\"Converting Stars\" \/>\n<meta property=\"article:modified_time\" content=\"2022-12-27T17:07:56+00:00\" \/>\n<meta name=\"twitter:card\" content=\"summary_large_image\" \/>\n<meta name=\"twitter:label1\" content=\"Tempo di lettura stimato\" \/>\n\t<meta name=\"twitter:data1\" content=\"7 minuti\" \/>\n<script type=\"application\/ld+json\" class=\"yoast-schema-graph\">{\"@context\":\"https:\/\/schema.org\",\"@graph\":[{\"@type\":\"WebSite\",\"@id\":\"https:\/\/convertingstars.com\/#website\",\"url\":\"https:\/\/convertingstars.com\/\",\"name\":\"Converting Stars\",\"description\":\"\",\"potentialAction\":[{\"@type\":\"SearchAction\",\"target\":{\"@type\":\"EntryPoint\",\"urlTemplate\":\"https:\/\/convertingstars.com\/?s={search_term_string}\"},\"query-input\":\"required name=search_term_string\"}],\"inLanguage\":\"it-IT\"},{\"@type\":\"WebPage\",\"@id\":\"https:\/\/convertingstars.com\/privacy-policy\/#webpage\",\"url\":\"https:\/\/convertingstars.com\/privacy-policy\/\",\"name\":\"Privacy Policy - Converting Stars\",\"isPartOf\":{\"@id\":\"https:\/\/convertingstars.com\/#website\"},\"datePublished\":\"2021-12-20T12:54:31+00:00\",\"dateModified\":\"2022-12-27T17:07:56+00:00\",\"breadcrumb\":{\"@id\":\"https:\/\/convertingstars.com\/privacy-policy\/#breadcrumb\"},\"inLanguage\":\"it-IT\",\"potentialAction\":[{\"@type\":\"ReadAction\",\"target\":[\"https:\/\/convertingstars.com\/privacy-policy\/\"]}]},{\"@type\":\"BreadcrumbList\",\"@id\":\"https:\/\/convertingstars.com\/privacy-policy\/#breadcrumb\",\"itemListElement\":[{\"@type\":\"ListItem\",\"position\":1,\"name\":\"Home\",\"item\":\"https:\/\/convertingstars.com\/\"},{\"@type\":\"ListItem\",\"position\":2,\"name\":\"Privacy Policy\"}]}]}<\/script>\n<!-- \/ Yoast SEO plugin. -->","yoast_head_json":{"title":"Privacy Policy - Converting Stars","robots":{"index":"index","follow":"follow","max-snippet":"max-snippet:-1","max-image-preview":"max-image-preview:large","max-video-preview":"max-video-preview:-1"},"canonical":"https:\/\/convertingstars.com\/it\/privacy-policy\/","og_locale":"it_IT","og_type":"article","og_title":"Privacy Policy - Converting Stars","og_description":"Converting Stars LTD (\u201cCompany\u201d) respects your privacy concerns. This Privacy Policy describes the types of information we collect on https:\/\/convertingstars.com\/ (the \u201cWebsite\u201d), how we use the information, with whom we share it, and the choices available regarding our use the information. The Privacy Policy also describes the measures we take to safeguard information, how long [&hellip;]","og_url":"https:\/\/convertingstars.com\/it\/privacy-policy\/","og_site_name":"Converting Stars","article_modified_time":"2022-12-27T17:07:56+00:00","twitter_card":"summary_large_image","twitter_misc":{"Tempo di lettura stimato":"7 minuti"},"schema":{"@context":"https:\/\/schema.org","@graph":[{"@type":"WebSite","@id":"https:\/\/convertingstars.com\/#website","url":"https:\/\/convertingstars.com\/","name":"Converting Stars","description":"","potentialAction":[{"@type":"SearchAction","target":{"@type":"EntryPoint","urlTemplate":"https:\/\/convertingstars.com\/?s={search_term_string}"},"query-input":"required name=search_term_string"}],"inLanguage":"it-IT"},{"@type":"WebPage","@id":"https:\/\/convertingstars.com\/privacy-policy\/#webpage","url":"https:\/\/convertingstars.com\/privacy-policy\/","name":"Privacy Policy - Converting Stars","isPartOf":{"@id":"https:\/\/convertingstars.com\/#website"},"datePublished":"2021-12-20T12:54:31+00:00","dateModified":"2022-12-27T17:07:56+00:00","breadcrumb":{"@id":"https:\/\/convertingstars.com\/privacy-policy\/#breadcrumb"},"inLanguage":"it-IT","potentialAction":[{"@type":"ReadAction","target":["https:\/\/convertingstars.com\/privacy-policy\/"]}]},{"@type":"BreadcrumbList","@id":"https:\/\/convertingstars.com\/privacy-policy\/#breadcrumb","itemListElement":[{"@type":"ListItem","position":1,"name":"Home","item":"https:\/\/convertingstars.com\/"},{"@type":"ListItem","position":2,"name":"Privacy Policy"}]}]}},"_links":{"self":[{"href":"https:\/\/convertingstars.com\/it\/wp-json\/wp\/v2\/pages\/76310"}],"collection":[{"href":"https:\/\/convertingstars.com\/it\/wp-json\/wp\/v2\/pages"}],"about":[{"href":"https:\/\/convertingstars.com\/it\/wp-json\/wp\/v2\/types\/page"}],"author":[{"embeddable":true,"href":"https:\/\/convertingstars.com\/it\/wp-json\/wp\/v2\/users\/1"}],"replies":[{"embeddable":true,"href":"https:\/\/convertingstars.com\/it\/wp-json\/wp\/v2\/comments?post=76310"}],"version-history":[{"count":11,"href":"https:\/\/convertingstars.com\/it\/wp-json\/wp\/v2\/pages\/76310\/revisions"}],"predecessor-version":[{"id":76657,"href":"https:\/\/convertingstars.com\/it\/wp-json\/wp\/v2\/pages\/76310\/revisions\/76657"}],"wp:attachment":[{"href":"https:\/\/convertingstars.com\/it\/wp-json\/wp\/v2\/media?parent=76310"}],"curies":[{"name":"wp","href":"https:\/\/api.w.org\/{rel}","templated":true}]}}