{"id":44242,"date":"2020-02-06T08:17:05","date_gmt":"2020-02-06T08:17:05","guid":{"rendered":"https:\/\/litho.themezaa.com\/?page_id=3"},"modified":"2022-12-27T17:08:24","modified_gmt":"2022-12-27T17:08:24","slug":"terms-and-conditions","status":"publish","type":"page","link":"https:\/\/convertingstars.com\/it\/terms-and-conditions\/","title":{"rendered":"Termini e Condizioni"},"content":{"rendered":"<div data-elementor-type=\"wp-page\" data-elementor-id=\"44242\" class=\"elementor elementor-44242\" data-elementor-settings=\"[]\">\n\t\t\t\t\t\t\t<div class=\"elementor-section-wrap\">\n\t\t\t\t\t\t\t<section class=\"elementor-section elementor-top-section elementor-element elementor-element-642a197d elementor-section-boxed elementor-section-height-default elementor-section-height-default\" data-id=\"642a197d\" data-element_type=\"section\">\n\t\t\t\t\t\t<div class=\"elementor-container elementor-column-gap-default\">\n\t\t\t\t\t<div class=\"elementor-column elementor-col-100 elementor-top-column elementor-element elementor-element-90f3c64\" data-fullscreen-column-settings=\"{&quot;fullscreen&quot;:&quot;&quot;}\" data-id=\"90f3c64\" data-element_type=\"column\">\n\t\t\t<div class=\"elementor-widget-wrap elementor-element-populated\">\n\t\t\t\t\t\t\t\t<div class=\"elementor-element elementor-element-cc874a4 cont elementor-widget elementor-widget-text-editor\" data-id=\"cc874a4\" data-element_type=\"widget\" data-widget_type=\"text-editor.default\">\n\t\t\t\t<div class=\"elementor-widget-container\">\n\t\t\t<style>\/*! elementor - v3.5.0 - 12-12-2021 *\/\n.elementor-widget-text-editor.elementor-drop-cap-view-stacked .elementor-drop-cap{background-color:#818a91;color:#fff}.elementor-widget-text-editor.elementor-drop-cap-view-framed .elementor-drop-cap{color:#818a91;border:3px solid;background-color:transparent}.elementor-widget-text-editor:not(.elementor-drop-cap-view-default) .elementor-drop-cap{margin-top:8px}.elementor-widget-text-editor:not(.elementor-drop-cap-view-default) .elementor-drop-cap-letter{width:1em;height:1em}.elementor-widget-text-editor .elementor-drop-cap{float:left;text-align:center;line-height:1;font-size:50px}.elementor-widget-text-editor .elementor-drop-cap-letter{display:inline-block}<\/style>\t\t\t\t<p><strong>SI PREGA DI LEGGERE ATTENTAMENTE QUANTO SEGUE PRIMA DI ACCETTARE I PRESENTI TERMINI E DI ACCEDERE, UTILIZZARE O REGISTRARSI AL SITO WEB, NEWSLETTER O SERVIZI DI CONVERTING STARS.<\/strong><\/p><p>I presenti termini e condizioni del sito web (\"Termini\") sono un accordo legalmente vincolante tra Converting Stars LTD (\"Societ\u00e0\", \"noi\", \"ci\" o \"nostro\") e te, un visitatore del nostro sito web (\"tu\" e \u201csito web\u201d, rispettivamente).<\/p><p>Accedendo al sito web, dichiari di aver letto e compreso i presenti Termini. Accetti di essere vincolato e di rispettare pienamente i Termini, accetti inoltre di rispettare tutte le leggi e i regolamenti applicabili in merito all'utilizzo del sito web o dei Servizi offerti tramite il sito web come ulteriormente dettagliato di seguito.<\/p><p>Inoltre, dichiari e garantisci di essere idoneo a sottoscrivere i presenti Termini oppure, ove applicabile, di avere adeguata autorizzazione per la stipula dei presenti Termini;<\/p><p>Rispettiamo i diritti alla privacy dei nostri utenti, ti consigliamo dunque di consultare la nostra Informativa sulla Privacy per ulteriori informazioni.<\/p><p><strong>1. Descrizione del Servizio e del Sito.<\/strong><\/p><p>Il sito web ha lo scopo di fornirti informazioni sui nostri servizi (\"Servizi\") e informazioni su come puoi proteggere il tuo sito web e aumentare i ricavi. Sul nostro sito pubblichiamo articoli, video, webinar, casi di studio, ecc. (\u201cContenuti\u201d). Se acquisti i nostri servizi, questi saranno regolati dai nostri Termini e Condizioni del Cliente. Tuttavia, il sito web pu\u00f2 offrire anche servizi gratuiti, come l'analisi del tuo sito web e il calcolo delle entrate. Inoltre, attraverso il sito web offriamo opzioni di comunicazione come moduli di contatto, richiesta di essere contattato dal nostro team di vendita o iscrizione alla nostra newsletter.<\/p><p>I CONTENUTI PUBBLICATI SUL SITO WEB SONO FORNITI ESCLUSIVAMENTE A SCOPO INFORMATIVO GENERALE E POSSONO ESSERE UTILIZZATI DA TE A TUO ESCLUSIVO RISCHIO. DECLINIAMO ESPRESSAMENTE QUALSIASI RESPONSABILIT\u00c0 IN RELAZIONE AD AZIONI INTRAPRESE O NON INTRAPRESE IN BASE A QUALSIASI CONTENUTO DISPONIBILE SUL PRESENTE SITO WEB DI SERVIZI GRATUITI CHE SCEGLI DI UTILIZZARE E CHE SONO A TUA ESCLUSIVA RESPONSABILIT\u00c0 E RISCHIO.<\/p><p><strong>2. Accesso e Licenze.<\/strong><\/p><p>Con la presente ti concediamo il permesso di visitare e utilizzare il sito web solo per tua informazione e uso personale, e comunque soggetti ai presenti Termini e alla tua conformit\u00e0 con la legge applicabile. Nella misura in cui desideri utilizzare i Servizi, se presenti, riconosci e accetti che ti concediamo una licenza non esclusiva e revocabile per installare e utilizzare i Servizi esclusivamente per il tuo utilizzo. Potremmo modificare i Servizi di volta in volta senza prima chiedere la tua approvazione. Non siamo obbligati a supportare i Servizi e possiamo in qualsiasi momento sospendere o terminare la tua licenza e disabilitare i Servizi. Non ti \u00e8 permesso apportare modifiche non autorizzate, decodificare, disassemblare, decompilare o tentare di derivare il codice sorgente dei Servizi.<\/p><p><strong>3. Rappresentanza, Garanzie e Limitazione d'Uso.<\/strong><\/p><p>Con la presente dichiari e garantisci di non autorizzare o incoraggiare terze parti a: (1) utilizzare il sito web, i Contenuti o i Servizi in modo non conforme, illecito, illegale, fraudolento o inappropriato; (2) aggirare, disabilitare o altrimenti interferire con le funzionalit\u00e0 relative alla sicurezza del sito web o del Servizio o impedire ad altri di utilizzarle; (3) modificare, creare un'opera derivata, decodificare o disassemblare il sito web, i Contenuti o i Servizi; (4) rimuovere, deturpare, oscurare o alterare il sito web, i Contenuti o i Servizi ivi inclusi eventuali avvisi di copyright, marchi o altri diritti di propriet\u00e0 forniti come parte del sito web, dei Contenuti o dei Servizi; (5) utilizzare il sito web, i Contenuti o i Servizi in modo illecito o in violazione dei diritti di terzi o dei nostri diritti, inclusi i diritti di propriet\u00e0 intellettuale e i diritti alla privacy, o in violazione dei presenti Termini; (6) concedere in sublicenza, rivendere, affittare, noleggiare, assegnare, trasferire qualsiasi diritto, condividere o sfruttare commercialmente o realizzare il sito web, i Contenuti oi Servizi; (7) utilizzare, accedere o tentare di accedere al sito web, ai Contenuti o ai Servizi con qualsiasi mezzo automatizzato (inclusi robot, scraper, ecc.); e (8) utilizzare il nome, il logo o i marchi della Societ\u00e0 senza il previo consenso scritto della Societ\u00e0.<\/p><p><strong>4. Propriet\u00e0 Intellettuale<\/strong><\/p><p>The website, Services and the Content, including any trademarks and logos (\u201cMarks\u201d), text, documents, descriptions, products, graphics, photos, sounds, videos, interactive features contained in or made available through the website, Content and Services are exclusively owned by our offshore company. Except as explicitly provided herein, no license, right, title or interest to the website, Content and Services shall be granted to you, and we or our partners reserve any and all rights, title and ownership of the website, Content and Services. You shall not use any Company\u2019s copyrights, trademarks, trade names, or other Intellectual Property in any way except to the limited extent as may be expressly agreed in these Terms.<\/p><p><strong>5. Esclusione di Garanzie.<\/strong><\/p><p>Ad eccezione di quanto qui previsto, il sito web, i Contenuti e i Servizi sono forniti \"cos\u00ec come sono\" e \"come disponibili\", senza garanzie di alcun tipo, esplicite o implicite. L'utente si assume tutte le responsabilit\u00e0 per l'accesso e l'utilizzo del sito web e dei Servizi e per la selezione dei Servizi onde ottenere i risultati desiderati. CONVERTING STARS DECLINA OGNI GARANZIA, ESPRESSA O IMPLICITA, INCLUSE, A TITOLO ESEMPLIFICATIVO, GARANZIE IMPLICITE DI COMMERCIABILIT\u00c0, TITOLO, IDONEIT\u00c0 PER UNO SCOPO PARTICOLARE E NON VIOLAZIONE. I dati presenti nel sito web, compresi i Contenuti, sono forniti \"cos\u00ec come sono\" e Converting Stars non sar\u00e0 ritenuto RESPONSABILE per l'accuratezza o eventuali omissioni di dati nel o dal sito web o Contenuti. La Societ\u00e0 non sar\u00e0 ritenuta responsabile per qualsiasi decisione presa o azione intrapresa o non intrapresa in base al sito web o ai Contenuti n\u00e9 ci assumiamo alcuna responsabilit\u00e0 per eventuali perdite, lesioni o danni subiti a seguito o in connessione con tali azioni. Non rilasciamo alcuna dichiarazione o garanzia che il sito web, i Contenuti o i Servizi siano o saranno disponibili per l'uso in un luogo particolare o in un momento specifico. La Societ\u00e0 non rilascia alcuna dichiarazione, garanzia o condizione di alcun tipo, esplicita o implicita, in merito alla sicurezza delle informazioni che potresti fornire o delle attivit\u00e0 in cui ti impegni durante il corso dell'utilizzo del sito web, dei Contenuti e dei Servizi. L'utilizzo del sito web, dei Contenuti o dei Servizi \u00e8 a proprio rischio e responsabilit\u00e0. La legge applicabile potrebbe non consentire l'esclusione di determinate garanzie, dunque in tale misura alcune esclusioni stabilite nel presente documento potrebbero non essere applicabili.<\/p><p><strong>6. Limitazione delle Responsabilit\u00e0.<\/strong><\/p><p>L'UTENTE RICONOSCE E ACCETTA CHE NELLA MISURA MASSIMA CONSENTITA DALLA LEGGE, LA SOCIETA', INCLUSI, A TITOLO ESEMPLIFICATIVO, LE SUE AFFILIATE E I RISPETTIVI FUNZIONARI, AMMINISTRATORI, DIPENDENTI ED AGENTI (COLLETTIVAMENTE: \"GRUPPO AZIENDALE\"), NON SAR\u00c0 RITENUTO RESPONSABILE PER ALCUN DANNO INDIRETTO, ACCIDENTALE, CONSEQUENZIALE, SPECIALE O ESEMPLARE O DANNI PER MANCATI PROFITTI, INTERRUZIONE, PERDITA DI DATI, PERDITA DI AVVIAMENTO, ARRESTO DEL LAVORO, GUASTO DEL DISPOSITIVO O MALFUNZIONAMENTO, O DANNI DERIVANTI DALL'UTILIZZO O DALL'IMPOSSIBILIT\u00c0 DI UTILIZZO DEL SITO WEB O DEI SERVIZI ANCHE SE LA SOCIETA' \u00c8 STATA AVVISATA DELLA POSSIBILIT\u00c0 DI TALI DANNI. INOLTRE, NON SAREMO RESPONSABILI PER QUALSIASI INADEMPIENZA O RITARDO NELL'ESECUZIONE DI UNO QUALSIASI DEI NOSTRI OBBLIGHI NEL PRESENTE DOCUMENTO CHE SIA CAUSATO DA UN EVENTO AL DI FUORI DEL NOSTRO CONTROLLO (IL CHE SIGNIFICA QUALSIASI ATTO O EVENTO AL DI L\u00c0 DEL NOSTRO RAGIONEVOLE CONTROLLO). IN NESSUN CASO LA RESPONSABILIT\u00c0 COMPLESSIVA DEL GRUPPO AZIENDALE PER QUALSIASI RECLAMO DERIVANTE DA O COLLEGATO A I PRESENTI TERMINI E I SERVIZI SAR\u00c0 L'IMPORTO PAGATO DA VOI A CONVERTING STARS.<\/p><p><strong>7. Indennizzo.<\/strong><\/p><p>Accetti di difendere, indennizzare e mantenere indenne la Societ\u00e0 e le proprie affiliate, e i rispettivi funzionari, direttori, dipendenti e agenti da qualsiasi pretesa di terzi, danni, responsabilit\u00e0 e spese (incluse ragionevoli spese legali) derivanti dall'utilizzo del sito web, Contenuti o Servizi.<\/p><p><strong>8. Risoluzione.<\/strong><\/p><p>Puoi interrompere l'utilizzo dei Servizi in qualsiasi momento o cessare l'utilizzo del sito web. Possiamo cambiare, modificare, sospendere o interrompere qualsiasi aspetto del sito web, dei Contenuti o dei Servizi in qualsiasi momento senza preavviso e senza alcuna responsabilit\u00e0 nei tuoi confronti in aggiunta a ci\u00f2.<\/p><p><strong>9. Giurisdizione.<\/strong><\/p><p>I presenti Termini sono regolati e interpretati dalle leggi del Regno Unito. Accetti di risolvere qualsiasi controversia esclusivamente con il tribunale competente nel Regno Unito. Qualsiasi azione che potresti avere in relazione al servizio \u00e8 limitata nel tempo a un (1) anno dall'incidente verificatesi e in seguito sar\u00e0 definitivamente bloccata.<\/p><p><strong>10. Varie ed eventuali.<\/strong><\/p><p>I presenti Termini costituiscono l'intero accordo tra l'utente e la Societ\u00e0 in merito all'utilizzo dei Servizi. Supponiamo che una qualsiasi disposizione dei presenti Termini e Condizioni sia ritenuta inapplicabile. In tal caso, tale disposizione sar\u00e0 riformulata solo nella misura necessaria a renderla esecutiva. Tale decisione non pregiudica in ogni circostanza l'applicabilit\u00e0 di tale disposizione in altre circostanze o delle restanti disposizioni del presente documento. La mancata applicazione da parte della Societ\u00e0 di qualsiasi diritto o di intraprendere un'azione contro di te in caso di violazione di cui al presente documento non sar\u00e0 considerata una rinuncia a tali diritti o azioni successive in caso di violazioni future. L'utente non pu\u00f2 cedere i presenti Termini e qualsiasi diritto qui concesso senza il previo consenso scritto della Societ\u00e0. La Societ\u00e0 pu\u00f2 cedere i propri diritti e obblighi ivi stabiliti in qualsiasi momento, a sua esclusiva discrezione. Il tuo rapporto con la Societ\u00e0 \u00e8 quello di un appaltatore indipendente e nulla nei presenti Termini \u00e8 inteso, o dovrebbe essere interpretato, a creare una partnership, un'agenzia, una joint venture o un rapporto di lavoro.<\/p><p><strong>11. Emendamenti.<\/strong><\/p><p>Ci riserviamo il diritto di emendare o rivedere periodicamente i Termini a nostra esclusiva discrezione; tali modifiche entreranno in vigore immediatamente dopo la visualizzazione dei Termini modificati. La data dell'ultima revisione si rifletter\u00e0 nell' \"Ultimo Aggiornamento\" sopra. L'uso continuato dei Servizi in seguito a tali modifiche costituisce il riconoscimento e il consenso di tali modifiche ai Termini e il tuo consenso ad esserne vincolato. In caso di modifiche sostanziali, faremo del nostro meglio per fornire una notifica scritta tramite mezzi di comunicazione appropriati.<\/p><p><strong>CONTATTACI<\/strong><\/p><p>In caso di domande sui presenti Termini, contattaci al seguente indirizzo: 71-75, Shelton Street, Covent Garden, Londra, WC2H 9JQ, Regno Unito.<\/p><p>Puoi anche contattarci via email a: <a style=\"color: #000;\" href=\"mailto:marketing@convertingstars.com\">marketing@convertingstars.com<\/a> o per telefono: <a style=\"color: #000;\" href=\"tel: 447458149527\">+447458149527<\/a><\/p>\t\t\t\t\t\t<\/div>\n\t\t\t\t<\/div>\n\t\t\t\t\t<\/div>\n\t\t<\/div>\n\t\t\t\t\t\t\t<\/div>\n\t\t<\/section>\n\t\t\t\t\t\t<\/div>\n\t\t\t\t\t<\/div>","protected":false},"excerpt":{"rendered":"<p>PLEASE READ THE FOLLOWING CAREFULLY BEFORE ACCEPTING THESE TERMS AND ACCESSING, USING OR REGISTERING FOR THE CONVERTING STARS WEBSITE, NEWSLETTER OR SERVICES. These website terms and conditions (\u201cTerms\u201d) are a legally binding agreement between Converting Stars LTD (\u201cCompany\u201d, \u201cwe\u201d, \u201cus\u201d, or \u201cour\u201d), and you, a visitor of our website (\u201cyou\u201d and \u201cwebsite\u201d, respectively). By accessing [&hellip;]<\/p>","protected":false},"author":1,"featured_media":0,"parent":0,"menu_order":202,"comment_status":"closed","ping_status":"closed","template":"","meta":{"om_disable_all_campaigns":false,"_monsterinsights_skip_tracking":false,"_monsterinsights_sitenote_active":false,"_monsterinsights_sitenote_note":"","_monsterinsights_sitenote_category":0,"footnotes":""},"yoast_head":"<!-- This site is optimized with the Yoast SEO plugin v17.8 - https:\/\/yoast.com\/wordpress\/plugins\/seo\/ -->\n<title>TERMS AND CONDITIONS - Converting Stars<\/title>\n<meta name=\"robots\" content=\"index, follow, max-snippet:-1, max-image-preview:large, max-video-preview:-1\" \/>\n<link rel=\"canonical\" href=\"https:\/\/convertingstars.com\/it\/terms-and-conditions\/\" \/>\n<meta property=\"og:locale\" content=\"it_IT\" \/>\n<meta property=\"og:type\" content=\"article\" \/>\n<meta property=\"og:title\" content=\"TERMS AND CONDITIONS - Converting Stars\" \/>\n<meta property=\"og:description\" content=\"PLEASE READ THE FOLLOWING CAREFULLY BEFORE ACCEPTING THESE TERMS AND ACCESSING, USING OR REGISTERING FOR THE CONVERTING STARS WEBSITE, NEWSLETTER OR SERVICES. These website terms and conditions (\u201cTerms\u201d) are a legally binding agreement between Converting Stars LTD (\u201cCompany\u201d, \u201cwe\u201d, \u201cus\u201d, or \u201cour\u201d), and you, a visitor of our website (\u201cyou\u201d and \u201cwebsite\u201d, respectively). By accessing [&hellip;]\" \/>\n<meta property=\"og:url\" content=\"https:\/\/convertingstars.com\/it\/terms-and-conditions\/\" \/>\n<meta property=\"og:site_name\" content=\"Converting Stars\" \/>\n<meta property=\"article:modified_time\" content=\"2022-12-27T17:08:24+00:00\" \/>\n<meta name=\"twitter:card\" content=\"summary_large_image\" \/>\n<meta name=\"twitter:label1\" content=\"Tempo di lettura stimato\" \/>\n\t<meta name=\"twitter:data1\" content=\"8 minuti\" \/>\n<script type=\"application\/ld+json\" class=\"yoast-schema-graph\">{\"@context\":\"https:\/\/schema.org\",\"@graph\":[{\"@type\":\"WebSite\",\"@id\":\"https:\/\/convertingstars.com\/#website\",\"url\":\"https:\/\/convertingstars.com\/\",\"name\":\"Converting Stars\",\"description\":\"\",\"potentialAction\":[{\"@type\":\"SearchAction\",\"target\":{\"@type\":\"EntryPoint\",\"urlTemplate\":\"https:\/\/convertingstars.com\/?s={search_term_string}\"},\"query-input\":\"required name=search_term_string\"}],\"inLanguage\":\"it-IT\"},{\"@type\":\"WebPage\",\"@id\":\"https:\/\/convertingstars.com\/terms-and-conditions\/#webpage\",\"url\":\"https:\/\/convertingstars.com\/terms-and-conditions\/\",\"name\":\"TERMS AND CONDITIONS - Converting Stars\",\"isPartOf\":{\"@id\":\"https:\/\/convertingstars.com\/#website\"},\"datePublished\":\"2020-02-06T08:17:05+00:00\",\"dateModified\":\"2022-12-27T17:08:24+00:00\",\"breadcrumb\":{\"@id\":\"https:\/\/convertingstars.com\/terms-and-conditions\/#breadcrumb\"},\"inLanguage\":\"it-IT\",\"potentialAction\":[{\"@type\":\"ReadAction\",\"target\":[\"https:\/\/convertingstars.com\/terms-and-conditions\/\"]}]},{\"@type\":\"BreadcrumbList\",\"@id\":\"https:\/\/convertingstars.com\/terms-and-conditions\/#breadcrumb\",\"itemListElement\":[{\"@type\":\"ListItem\",\"position\":1,\"name\":\"Home\",\"item\":\"https:\/\/convertingstars.com\/\"},{\"@type\":\"ListItem\",\"position\":2,\"name\":\"TERMS AND CONDITIONS\"}]}]}<\/script>\n<!-- \/ Yoast SEO plugin. -->","yoast_head_json":{"title":"TERMS AND CONDITIONS - Converting Stars","robots":{"index":"index","follow":"follow","max-snippet":"max-snippet:-1","max-image-preview":"max-image-preview:large","max-video-preview":"max-video-preview:-1"},"canonical":"https:\/\/convertingstars.com\/it\/terms-and-conditions\/","og_locale":"it_IT","og_type":"article","og_title":"TERMS AND CONDITIONS - Converting Stars","og_description":"PLEASE READ THE FOLLOWING CAREFULLY BEFORE ACCEPTING THESE TERMS AND ACCESSING, USING OR REGISTERING FOR THE CONVERTING STARS WEBSITE, NEWSLETTER OR SERVICES. These website terms and conditions (\u201cTerms\u201d) are a legally binding agreement between Converting Stars LTD (\u201cCompany\u201d, \u201cwe\u201d, \u201cus\u201d, or \u201cour\u201d), and you, a visitor of our website (\u201cyou\u201d and \u201cwebsite\u201d, respectively). By accessing [&hellip;]","og_url":"https:\/\/convertingstars.com\/it\/terms-and-conditions\/","og_site_name":"Converting Stars","article_modified_time":"2022-12-27T17:08:24+00:00","twitter_card":"summary_large_image","twitter_misc":{"Tempo di lettura stimato":"8 minuti"},"schema":{"@context":"https:\/\/schema.org","@graph":[{"@type":"WebSite","@id":"https:\/\/convertingstars.com\/#website","url":"https:\/\/convertingstars.com\/","name":"Converting Stars","description":"","potentialAction":[{"@type":"SearchAction","target":{"@type":"EntryPoint","urlTemplate":"https:\/\/convertingstars.com\/?s={search_term_string}"},"query-input":"required name=search_term_string"}],"inLanguage":"it-IT"},{"@type":"WebPage","@id":"https:\/\/convertingstars.com\/terms-and-conditions\/#webpage","url":"https:\/\/convertingstars.com\/terms-and-conditions\/","name":"TERMS AND CONDITIONS - Converting Stars","isPartOf":{"@id":"https:\/\/convertingstars.com\/#website"},"datePublished":"2020-02-06T08:17:05+00:00","dateModified":"2022-12-27T17:08:24+00:00","breadcrumb":{"@id":"https:\/\/convertingstars.com\/terms-and-conditions\/#breadcrumb"},"inLanguage":"it-IT","potentialAction":[{"@type":"ReadAction","target":["https:\/\/convertingstars.com\/terms-and-conditions\/"]}]},{"@type":"BreadcrumbList","@id":"https:\/\/convertingstars.com\/terms-and-conditions\/#breadcrumb","itemListElement":[{"@type":"ListItem","position":1,"name":"Home","item":"https:\/\/convertingstars.com\/"},{"@type":"ListItem","position":2,"name":"TERMS AND CONDITIONS"}]}]}},"_links":{"self":[{"href":"https:\/\/convertingstars.com\/it\/wp-json\/wp\/v2\/pages\/44242"}],"collection":[{"href":"https:\/\/convertingstars.com\/it\/wp-json\/wp\/v2\/pages"}],"about":[{"href":"https:\/\/convertingstars.com\/it\/wp-json\/wp\/v2\/types\/page"}],"author":[{"embeddable":true,"href":"https:\/\/convertingstars.com\/it\/wp-json\/wp\/v2\/users\/1"}],"replies":[{"embeddable":true,"href":"https:\/\/convertingstars.com\/it\/wp-json\/wp\/v2\/comments?post=44242"}],"version-history":[{"count":32,"href":"https:\/\/convertingstars.com\/it\/wp-json\/wp\/v2\/pages\/44242\/revisions"}],"predecessor-version":[{"id":76660,"href":"https:\/\/convertingstars.com\/it\/wp-json\/wp\/v2\/pages\/44242\/revisions\/76660"}],"wp:attachment":[{"href":"https:\/\/convertingstars.com\/it\/wp-json\/wp\/v2\/media?parent=44242"}],"curies":[{"name":"wp","href":"https:\/\/api.w.org\/{rel}","templated":true}]}}