{"id":76301,"date":"2021-12-20T12:45:14","date_gmt":"2021-12-20T12:45:14","guid":{"rendered":"https:\/\/convertingstars.com\/?page_id=76301"},"modified":"2022-12-27T17:09:35","modified_gmt":"2022-12-27T17:09:35","slug":"cookie-policy","status":"publish","type":"page","link":"https:\/\/convertingstars.com\/de\/cookie-policy\/","title":{"rendered":"Cookie-Richtlinie"},"content":{"rendered":"<div data-elementor-type=\"wp-page\" data-elementor-id=\"76301\" class=\"elementor elementor-76301\" data-elementor-settings=\"[]\">\n\t\t\t\t\t\t\t<div class=\"elementor-section-wrap\">\n\t\t\t\t\t\t\t<section class=\"elementor-section elementor-top-section elementor-element elementor-element-2d1e3c7 elementor-section-boxed elementor-section-height-default elementor-section-height-default\" data-id=\"2d1e3c7\" data-element_type=\"section\">\n\t\t\t\t\t\t<div class=\"elementor-container elementor-column-gap-default\">\n\t\t\t\t\t<div class=\"elementor-column elementor-col-100 elementor-top-column elementor-element elementor-element-2c40a12\" data-fullscreen-column-settings=\"{&quot;fullscreen&quot;:&quot;&quot;}\" data-id=\"2c40a12\" data-element_type=\"column\">\n\t\t\t<div class=\"elementor-widget-wrap elementor-element-populated\">\n\t\t\t\t\t\t\t\t<div class=\"elementor-element elementor-element-9395912 elementor-widget elementor-widget-text-editor\" data-id=\"9395912\" data-element_type=\"widget\" data-widget_type=\"text-editor.default\">\n\t\t\t\t<div class=\"elementor-widget-container\">\n\t\t\t<style>\/*! elementor - v3.5.0 - 12-12-2021 *\/\n.elementor-widget-text-editor.elementor-drop-cap-view-stacked .elementor-drop-cap{background-color:#818a91;color:#fff}.elementor-widget-text-editor.elementor-drop-cap-view-framed .elementor-drop-cap{color:#818a91;border:3px solid;background-color:transparent}.elementor-widget-text-editor:not(.elementor-drop-cap-view-default) .elementor-drop-cap{margin-top:8px}.elementor-widget-text-editor:not(.elementor-drop-cap-view-default) .elementor-drop-cap-letter{width:1em;height:1em}.elementor-widget-text-editor .elementor-drop-cap{float:left;text-align:center;line-height:1;font-size:50px}.elementor-widget-text-editor .elementor-drop-cap-letter{display:inline-block}<\/style>\t\t\t\t<p>Diese Cookie-Richtlinie (die Cookie-Richtlinie\") erkl\u00e4rt, was Cookies sind und wie Dritte und wir sie verwenden. Weitere Informationen dar\u00fcber, wie wir personenbezogene Daten nutzen, speichern und verarbeiten, findest du in unserer Datenschutzrichtlinie: LINK. Diese Cookie-Richtlinie ist ein wesentlicher Bestandteil unserer Datenschutzrichtlinie. Alle hier verwendeten Begriffe, die nicht definiert sind, haben die Bedeutung, die ihnen in der Datenschutzrichtlinie zugewiesen wird. <br \/><br \/><strong>1.1.<\/strong> Ein Cookie ist eine kleine Textdatei, die von Websites, die du besuchst, und von Anwendungen, die du nutzt, auf dem Browser deines Computers oder mobilen Ger\u00e4ts (oder anderen Ger\u00e4ten) abgelegt wird. Andere automatische Mittel, die h\u00e4ufig auf Websites und in Anwendungen verwendet werden, sind Pixel-Tags (auch bekannt als Web-Beacons oder Clear GIFs). Pixel-Tags sind in der Regel transparente Grafiken, die auf einer Website platziert werden. Diese Pixel werden in Kombination mit Cookies verwendet, um die Aktionen der Besucher\/innen auf der Website zu messen. Die meisten Websites und Anwendungen verwenden Cookies und andere automatische Mittel, um bestimmte Daten zu sammeln und Dienste zu erleichtern. Cookies werden in der Regel verwendet, um Websites effizienter zu gestalten, um das Surfen auf der Website oder in der Anwendung angenehmer und reibungsloser zu gestalten, um deine Vorlieben zu speichern, um Details automatisch zu vervollst\u00e4ndigen, damit du nicht jedes Mal deine vollst\u00e4ndigen Daten eingeben musst (z. B. Benutzername und Passwort), um Inhalte und Informationen, die dir angezeigt werden, anzupassen und um deine Erfahrungen mit der Website oder Anwendung zu personalisieren. Cookies werden auch h\u00e4ufig als Hilfsmittel eingesetzt, die es den Betreibern von Websites und Anwendungen erm\u00f6glichen, die Nutzung ihrer Produkte und Dienstleistungen besser zu verstehen, Gesch\u00e4ftsanalysen durchzuf\u00fchren und Werbeaktivit\u00e4ten f\u00fcr ihre Gesch\u00e4ftszwecke oder im Namen von Dritten zu betreiben. <br \/><br \/><strong>1.2.<\/strong> Es gibt verschiedene Arten von Cookies. Einige Cookies kommen direkt von der Website oder Anwendung, die du besuchst, und andere kommen von Dritten, die Cookies auf diesen Websites platzieren. Solche Cookies werden \u00fcblicherweise als \"First Party Cookies\" und \"Third Party Cookies\" bezeichnet. <br \/><br \/><strong>1.3.<\/strong> Cookies can be stored for varying lengths of time on your browser or device. <br \/>Cookies k\u00f6nnen f\u00fcr unterschiedlich lange Zeit auf deinem Browser oder Ger\u00e4t gespeichert werden. <br \/><br \/><br \/><strong>2. Categories of cookies<\/strong> <br \/><br \/><strong>2.1.<\/strong> Strictly Necessary Cookies \u2013 These cookies are necessary to communicate between the user\u2019s device and the website or application or provide the user with services requested by him\/her. Such cookies are used for the sole purpose of carrying out a transmission of a communication over an electronic communications network or to allow the provider of an online service to provide its services as explicitly requested by users. <br \/><br \/><strong>2.2.<\/strong> Functionality Cookies \u2013 These cookies allow the website or application to remember user choices (such as username, password, language preferences, or region) and provide enhanced, more personal features to improve the user\u2019s experience on the website or application. <br \/><br \/><strong>2.3.<\/strong> Performance (Analytic) Cookies \u2013 These cookies collect information about how visitors use the website or application, such as which pages visitors go to most often and if they are likely to get error messages from certain pages. These cookies collect aggregate information that does not identify a specific user personally. These cookies are used to improve how a website or application works, analyse use patterns of the website or application and assist the provider in maintaining and enhancing its services.<\/p><p><strong>2.4.<\/strong> Advertising (Targeting) Cookies \u2013 These cookies deliver personalised advertisements to the user. Such cookies may be used to analyse a user\u2019s preferences by the contextual information about the user\u2019s activities on the website or application (for example, if a user is surfing a webpage displaying an article about a sporting event, cookies may be used to display to the user an advertisement associated with sports fans), or correlating between a user and information about such user collected from other websites or applications (for example, to display to the user an advertisement associated with sports fans based on the user\u2019s profile in other websites or applications). These cookies are used to promote advertising campaigns of website and application owners or those of third parties and help measure the effectiveness of an advertising campaign. <br \/>Advertising cookies are usually placed by advertising networks, which connect between the relevant advertiser and the location of publication of the advertisement. <br \/><br \/><br \/><strong>3. What Cookies do we use, and what information is collected using Cookies<\/strong>? <br \/><br \/><strong>3.1.<\/strong> Cookies used on our Site contain First Party Cookies and Third-Party Cookies, Strictly Necessary cookies, Functionality cookies, Performance (Analytic) Cookies, and Advertising (Targeting) Cookies. <br \/><br \/>Information collected on our Website through the use of cookies includes:<\/p><ul><li>Information about your operating system and device. <\/li><li>Web Pages accessed within our Site, the link that led you to our Site, dates and times you accessed our Website, event information (e.g. system crashes) and general location information (i.e. city or region). <\/li><li>Information provided on the Site by users to streamline the user\u2019s experience and prevent a user from having to re-enter information during the next visit to our Site. <\/li><li>Number of visitors on our Site and which web pages have been viewed. <\/li><li>Advertising user ID and information associated with targeted advertising.<\/li><\/ul><p>\u00a0<\/p><p><strong>4. How to Manage Cookies<\/strong> <br \/><br \/>If you do not want cookies to be placed on your device when browsing our Site, you can adjust your browser settings to manage or reject such cookies or notify you when a cookie is placed on your browser. These settings are usually found in your Internet browser\u2019s \u2018Options\u2019 or \u2018Preferences\u2019 menu. For more information on how to change your browser settings, click on the Help section of your Internet browser. Most Internet browsers also allow you to see what cookies are currently stored on your device and selectively delete them as you wish. <br \/><br \/>See below links to common browsers enabling the control of cookies:<\/p>\t\t\t\t\t\t<\/div>\n\t\t\t\t<\/div>\n\t\t\t\t<div class=\"elementor-element elementor-element-2be560a elementor-widget elementor-widget-image\" data-id=\"2be560a\" data-element_type=\"widget\" data-widget_type=\"image.default\">\n\t\t\t\t<div class=\"elementor-widget-container\">\n\t\t\t<style>\/*! elementor - v3.5.0 - 12-12-2021 *\/\n.elementor-widget-image{text-align:center}.elementor-widget-image a{display:inline-block}.elementor-widget-image a img[src$=\".svg\"]{width:48px}.elementor-widget-image img{vertical-align:middle;display:inline-block}<\/style>\t\t\t\t\t\t\t\t\t\t\t\t<img loading=\"lazy\" decoding=\"async\" width=\"903\" height=\"258\" src=\"https:\/\/convertingstars.com\/wp-content\/uploads\/2021\/12\/\u043e\u0440\u043e-1.png\" class=\"attachment-large size-large\" alt=\"\" srcset=\"https:\/\/convertingstars.com\/wp-content\/uploads\/2021\/12\/\u043e\u0440\u043e-1.png 903w, https:\/\/convertingstars.com\/wp-content\/uploads\/2021\/12\/\u043e\u0440\u043e-1-300x86.png 300w, https:\/\/convertingstars.com\/wp-content\/uploads\/2021\/12\/\u043e\u0440\u043e-1-768x219.png 768w, https:\/\/convertingstars.com\/wp-content\/uploads\/2021\/12\/\u043e\u0440\u043e-1-200x57.png 200w, https:\/\/convertingstars.com\/wp-content\/uploads\/2021\/12\/\u043e\u0440\u043e-1-600x171.png 600w\" sizes=\"(max-width: 903px) 100vw, 903px\" \/>\t\t\t\t\t\t\t\t\t\t\t\t\t\t\t<\/div>\n\t\t\t\t<\/div>\n\t\t\t\t<div class=\"elementor-element elementor-element-1dcb495 elementor-widget elementor-widget-text-editor\" data-id=\"1dcb495\" data-element_type=\"widget\" data-widget_type=\"text-editor.default\">\n\t\t\t\t<div class=\"elementor-widget-container\">\n\t\t\t\t\t\t\t<p>Please note, however, that if you choose to disable certain cookies, some features of our Site may not operate properly, and your online experience may be limited.<\/p><p>\u00a0<\/p><p>You may also opt-out directly from third party retargeting cookies or other ad-technology trackers through self-regulator services such as the Network Advertising Initiative\u2019s (\u201cNAI\u201d) website \u2013 NAI consumer opt-out page or the Digital Advertising Alliance\u2019s (\u201cDAA\u201d) website \u2013 DAA opt-out page.<\/p><p>\u00a0<\/p><p>\u00a0<\/p><p><strong>5. Changes and Updates<\/strong><\/p><p>\u00a0<\/p><p><strong>5.1.<\/strong> We may update this Cookie Policy from time to time. We encourage you to periodically review this Cookie Policy to stay informed about our use of cookies, the information we collect via cookies, and any updates in relation to it.<\/p><p>\u00a0<\/p><p><strong>5.2.<\/strong> We will post any changes to this Cookie Policy on our Site and\/or Service.<\/p><p>\u00a0<\/p><p>\u00a0<\/p><p><strong>KONTAKT<\/strong><\/p><p>\u00a0<\/p><p>Wenn du Fragen zu diesen Bedingungen hast, kontaktiere uns bitte unter 71-75, Shelton Street, Covent Garden, London, WC2H 9JQ, Vereinigtes K\u00f6nigreich.<\/p><p>You can also contact us via email at: marketing@convertingstars.com or by phone: +447458149527<\/p>\t\t\t\t\t\t<\/div>\n\t\t\t\t<\/div>\n\t\t\t\t\t<\/div>\n\t\t<\/div>\n\t\t\t\t\t\t\t<\/div>\n\t\t<\/section>\n\t\t\t\t\t\t<\/div>\n\t\t\t\t\t<\/div>","protected":false},"excerpt":{"rendered":"<p>This Cookie Policy (this \u201cCookie Policy\u201d) explains what cookies are and how third parties and we use them. For further information on how we use, store and process Personal Data, see our Privacy Policy: LINK. This Cookie Policy is an integral part of our Privacy Policy. Any terms used herein and not defined shall have [&hellip;]<\/p>","protected":false},"author":1,"featured_media":0,"parent":0,"menu_order":0,"comment_status":"closed","ping_status":"closed","template":"","meta":{"om_disable_all_campaigns":false,"_monsterinsights_skip_tracking":false,"_monsterinsights_sitenote_active":false,"_monsterinsights_sitenote_note":"","_monsterinsights_sitenote_category":0,"footnotes":""},"yoast_head":"<!-- This site is optimized with the Yoast SEO plugin v17.8 - https:\/\/yoast.com\/wordpress\/plugins\/seo\/ -->\n<title>Cookie Policy - Converting Stars<\/title>\n<meta name=\"robots\" content=\"index, follow, max-snippet:-1, max-image-preview:large, max-video-preview:-1\" \/>\n<link rel=\"canonical\" href=\"https:\/\/convertingstars.com\/de\/cookie-policy\/\" \/>\n<meta property=\"og:locale\" content=\"de_DE\" \/>\n<meta property=\"og:type\" content=\"article\" \/>\n<meta property=\"og:title\" content=\"Cookie Policy - Converting Stars\" \/>\n<meta property=\"og:description\" content=\"This Cookie Policy (this \u201cCookie Policy\u201d) explains what cookies are and how third parties and we use them. For further information on how we use, store and process Personal Data, see our Privacy Policy: LINK. This Cookie Policy is an integral part of our Privacy Policy. Any terms used herein and not defined shall have [&hellip;]\" \/>\n<meta property=\"og:url\" content=\"https:\/\/convertingstars.com\/de\/cookie-policy\/\" \/>\n<meta property=\"og:site_name\" content=\"Converting Stars\" \/>\n<meta property=\"article:modified_time\" content=\"2022-12-27T17:09:35+00:00\" \/>\n<meta property=\"og:image\" content=\"http:\/\/convertingstars.com\/wp-content\/uploads\/2021\/12\/\u043e\u0440\u043e-1.png\" \/>\n<meta name=\"twitter:card\" content=\"summary_large_image\" \/>\n<meta name=\"twitter:label1\" content=\"Gesch\u00e4tzte Lesezeit\" \/>\n\t<meta name=\"twitter:data1\" content=\"6\u00a0Minuten\" \/>\n<script type=\"application\/ld+json\" class=\"yoast-schema-graph\">{\"@context\":\"https:\/\/schema.org\",\"@graph\":[{\"@type\":\"WebSite\",\"@id\":\"https:\/\/convertingstars.com\/#website\",\"url\":\"https:\/\/convertingstars.com\/\",\"name\":\"Converting Stars\",\"description\":\"\",\"potentialAction\":[{\"@type\":\"SearchAction\",\"target\":{\"@type\":\"EntryPoint\",\"urlTemplate\":\"https:\/\/convertingstars.com\/?s={search_term_string}\"},\"query-input\":\"required name=search_term_string\"}],\"inLanguage\":\"de\"},{\"@type\":\"ImageObject\",\"@id\":\"https:\/\/convertingstars.com\/cookie-policy\/#primaryimage\",\"inLanguage\":\"de\",\"url\":\"http:\/\/convertingstars.com\/wp-content\/uploads\/2021\/12\/\\u043e\\u0440\\u043e-1.png\",\"contentUrl\":\"http:\/\/convertingstars.com\/wp-content\/uploads\/2021\/12\/\\u043e\\u0440\\u043e-1.png\"},{\"@type\":\"WebPage\",\"@id\":\"https:\/\/convertingstars.com\/cookie-policy\/#webpage\",\"url\":\"https:\/\/convertingstars.com\/cookie-policy\/\",\"name\":\"Cookie Policy - Converting Stars\",\"isPartOf\":{\"@id\":\"https:\/\/convertingstars.com\/#website\"},\"primaryImageOfPage\":{\"@id\":\"https:\/\/convertingstars.com\/cookie-policy\/#primaryimage\"},\"datePublished\":\"2021-12-20T12:45:14+00:00\",\"dateModified\":\"2022-12-27T17:09:35+00:00\",\"breadcrumb\":{\"@id\":\"https:\/\/convertingstars.com\/cookie-policy\/#breadcrumb\"},\"inLanguage\":\"de\",\"potentialAction\":[{\"@type\":\"ReadAction\",\"target\":[\"https:\/\/convertingstars.com\/cookie-policy\/\"]}]},{\"@type\":\"BreadcrumbList\",\"@id\":\"https:\/\/convertingstars.com\/cookie-policy\/#breadcrumb\",\"itemListElement\":[{\"@type\":\"ListItem\",\"position\":1,\"name\":\"Home\",\"item\":\"https:\/\/convertingstars.com\/\"},{\"@type\":\"ListItem\",\"position\":2,\"name\":\"Cookie Policy\"}]}]}<\/script>\n<!-- \/ Yoast SEO plugin. -->","yoast_head_json":{"title":"Cookie Policy - Converting Stars","robots":{"index":"index","follow":"follow","max-snippet":"max-snippet:-1","max-image-preview":"max-image-preview:large","max-video-preview":"max-video-preview:-1"},"canonical":"https:\/\/convertingstars.com\/de\/cookie-policy\/","og_locale":"de_DE","og_type":"article","og_title":"Cookie Policy - Converting Stars","og_description":"This Cookie Policy (this \u201cCookie Policy\u201d) explains what cookies are and how third parties and we use them. For further information on how we use, store and process Personal Data, see our Privacy Policy: LINK. This Cookie Policy is an integral part of our Privacy Policy. Any terms used herein and not defined shall have [&hellip;]","og_url":"https:\/\/convertingstars.com\/de\/cookie-policy\/","og_site_name":"Converting Stars","article_modified_time":"2022-12-27T17:09:35+00:00","og_image":[{"url":"http:\/\/convertingstars.com\/wp-content\/uploads\/2021\/12\/\u043e\u0440\u043e-1.png"}],"twitter_card":"summary_large_image","twitter_misc":{"Gesch\u00e4tzte Lesezeit":"6\u00a0Minuten"},"schema":{"@context":"https:\/\/schema.org","@graph":[{"@type":"WebSite","@id":"https:\/\/convertingstars.com\/#website","url":"https:\/\/convertingstars.com\/","name":"Converting Stars","description":"","potentialAction":[{"@type":"SearchAction","target":{"@type":"EntryPoint","urlTemplate":"https:\/\/convertingstars.com\/?s={search_term_string}"},"query-input":"required name=search_term_string"}],"inLanguage":"de"},{"@type":"ImageObject","@id":"https:\/\/convertingstars.com\/cookie-policy\/#primaryimage","inLanguage":"de","url":"http:\/\/convertingstars.com\/wp-content\/uploads\/2021\/12\/\u043e\u0440\u043e-1.png","contentUrl":"http:\/\/convertingstars.com\/wp-content\/uploads\/2021\/12\/\u043e\u0440\u043e-1.png"},{"@type":"WebPage","@id":"https:\/\/convertingstars.com\/cookie-policy\/#webpage","url":"https:\/\/convertingstars.com\/cookie-policy\/","name":"Cookie Policy - Converting Stars","isPartOf":{"@id":"https:\/\/convertingstars.com\/#website"},"primaryImageOfPage":{"@id":"https:\/\/convertingstars.com\/cookie-policy\/#primaryimage"},"datePublished":"2021-12-20T12:45:14+00:00","dateModified":"2022-12-27T17:09:35+00:00","breadcrumb":{"@id":"https:\/\/convertingstars.com\/cookie-policy\/#breadcrumb"},"inLanguage":"de","potentialAction":[{"@type":"ReadAction","target":["https:\/\/convertingstars.com\/cookie-policy\/"]}]},{"@type":"BreadcrumbList","@id":"https:\/\/convertingstars.com\/cookie-policy\/#breadcrumb","itemListElement":[{"@type":"ListItem","position":1,"name":"Home","item":"https:\/\/convertingstars.com\/"},{"@type":"ListItem","position":2,"name":"Cookie Policy"}]}]}},"_links":{"self":[{"href":"https:\/\/convertingstars.com\/de\/wp-json\/wp\/v2\/pages\/76301"}],"collection":[{"href":"https:\/\/convertingstars.com\/de\/wp-json\/wp\/v2\/pages"}],"about":[{"href":"https:\/\/convertingstars.com\/de\/wp-json\/wp\/v2\/types\/page"}],"author":[{"embeddable":true,"href":"https:\/\/convertingstars.com\/de\/wp-json\/wp\/v2\/users\/1"}],"replies":[{"embeddable":true,"href":"https:\/\/convertingstars.com\/de\/wp-json\/wp\/v2\/comments?post=76301"}],"version-history":[{"count":11,"href":"https:\/\/convertingstars.com\/de\/wp-json\/wp\/v2\/pages\/76301\/revisions"}],"predecessor-version":[{"id":76664,"href":"https:\/\/convertingstars.com\/de\/wp-json\/wp\/v2\/pages\/76301\/revisions\/76664"}],"wp:attachment":[{"href":"https:\/\/convertingstars.com\/de\/wp-json\/wp\/v2\/media?parent=76301"}],"curies":[{"name":"wp","href":"https:\/\/api.w.org\/{rel}","templated":true}]}}