{"id":44242,"date":"2020-02-06T08:17:05","date_gmt":"2020-02-06T08:17:05","guid":{"rendered":"https:\/\/litho.themezaa.com\/?page_id=3"},"modified":"2022-12-27T17:08:24","modified_gmt":"2022-12-27T17:08:24","slug":"terms-and-conditions","status":"publish","type":"page","link":"https:\/\/convertingstars.com\/de\/terms-and-conditions\/","title":{"rendered":"BEDINGUNGEN UND KONDITIONEN"},"content":{"rendered":"<div data-elementor-type=\"wp-page\" data-elementor-id=\"44242\" class=\"elementor elementor-44242\" data-elementor-settings=\"[]\">\n\t\t\t\t\t\t\t<div class=\"elementor-section-wrap\">\n\t\t\t\t\t\t\t<section class=\"elementor-section elementor-top-section elementor-element elementor-element-642a197d elementor-section-boxed elementor-section-height-default elementor-section-height-default\" data-id=\"642a197d\" data-element_type=\"section\">\n\t\t\t\t\t\t<div class=\"elementor-container elementor-column-gap-default\">\n\t\t\t\t\t<div class=\"elementor-column elementor-col-100 elementor-top-column elementor-element elementor-element-90f3c64\" data-fullscreen-column-settings=\"{&quot;fullscreen&quot;:&quot;&quot;}\" data-id=\"90f3c64\" data-element_type=\"column\">\n\t\t\t<div class=\"elementor-widget-wrap elementor-element-populated\">\n\t\t\t\t\t\t\t\t<div class=\"elementor-element elementor-element-cc874a4 cont elementor-widget elementor-widget-text-editor\" data-id=\"cc874a4\" data-element_type=\"widget\" data-widget_type=\"text-editor.default\">\n\t\t\t\t<div class=\"elementor-widget-container\">\n\t\t\t<style>\/*! elementor - v3.5.0 - 12-12-2021 *\/\n.elementor-widget-text-editor.elementor-drop-cap-view-stacked .elementor-drop-cap{background-color:#818a91;color:#fff}.elementor-widget-text-editor.elementor-drop-cap-view-framed .elementor-drop-cap{color:#818a91;border:3px solid;background-color:transparent}.elementor-widget-text-editor:not(.elementor-drop-cap-view-default) .elementor-drop-cap{margin-top:8px}.elementor-widget-text-editor:not(.elementor-drop-cap-view-default) .elementor-drop-cap-letter{width:1em;height:1em}.elementor-widget-text-editor .elementor-drop-cap{float:left;text-align:center;line-height:1;font-size:50px}.elementor-widget-text-editor .elementor-drop-cap-letter{display:inline-block}<\/style>\t\t\t\t<p><strong>BITTE LESEN SIE DIE FOLGENDEN PUNKTE SORGF\u00c4LTIG DURCH, BEVOR SIE DIESE BEDINGUNGEN AKZEPTIEREN UND AUF DIE WEBSITE, DEN NEWSLETTER ODER DIE DIENSTLEISTUNGEN VON CONVERTING STARS ZUGREIFEN, SIE NUTZEN ODER SICH DAF\u00dcR REGISTRIEREN.<\/strong><\/p><p>Diese Website-Bedingungen (\"Bedingungen\") sind eine rechtsverbindliche Vereinbarung zwischen Converting Stars LTD (\"Unternehmen\", \"wir\", \"uns\" oder \"unser\") und dir, einem Besucher unserer Website (\"du\" bzw. \"Website\").<\/p><p>Durch den Zugriff auf die Website best\u00e4tigst du, dass du diese Bedingungen gelesen und verstanden hast. Du erkl\u00e4rst dich damit einverstanden, an die Bedingungen gebunden zu sein und sie vollst\u00e4ndig einzuhalten. Au\u00dferdem erkl\u00e4rst du dich damit einverstanden, alle geltenden Gesetze und Vorschriften in Bezug auf deine Nutzung der Website oder der \u00fcber die Website angebotenen Dienste einzuhalten, wie weiter unten beschrieben.<\/p><p>Du erkl\u00e4rst und garantierst, dass du berechtigt bist, diese Bedingungen einzugehen, oder, falls zutreffend, dass du \u00fcber eine entsprechende Genehmigung verf\u00fcgst, diese Bedingungen einzugehen;<\/p><p>Wir respektieren die Datenschutzrechte unserer Nutzerinnen und Nutzer und empfehlen dir, unsere Datenschutzrichtlinie f\u00fcr weitere Informationen zu lesen<\/p><p><strong>1. Beschreibung des Dienstes und der Website.<\/strong><\/p><p>Die Website dient dazu, dir Informationen \u00fcber unsere Dienstleistungen (\"Dienstleistungen\") und Informationen dar\u00fcber zu geben, wie du deine Website sch\u00fctzen und deinen Umsatz steigern kannst. Auf unserer Website ver\u00f6ffentlichen wir Artikel, Videos, Webinare, Fallstudien usw. (\"Inhalte\"). Wenn du unsere Dienstleistungen erwirbst, gelten f\u00fcr dich unsere Allgemeinen Gesch\u00e4ftsbedingungen f\u00fcr Kunden. Auf der Website k\u00f6nnen jedoch auch kostenlose Dienstleistungen angeboten werden, z. B. die Analyse deiner Website oder die Berechnung deiner Einnahmen. Au\u00dferdem bieten wir \u00fcber die Website Kommunikationsm\u00f6glichkeiten an, wie z. B. Kontaktformulare, die Bitte, von unserem Vertriebsteam kontaktiert zu werden, oder die Anmeldung zu unserem Newsletter.<\/p><p>DIE AUF DER WEBSITE VER\u00d6FFENTLICHTEN INHALTE WERDEN NUR ZU ALLGEMEINEN INFORMATIONSZWECKEN BEREITGESTELLT UND K\u00d6NNEN VON DIR AUF EIGENES RISIKO GENUTZT WERDEN. WIR LEHNEN AUSDR\u00dcCKLICH JEGLICHE HAFTUNG F\u00dcR HANDLUNGEN AB, DIE DU AUF DER GRUNDLAGE DER AUF DIESER WEBSITE VERF\u00dcGBAREN INHALTE ODER DER VON DIR GENUTZTEN KOSTENLOSEN DIENSTE UNTERNIMMST ODER NICHT UNTERNIMMST. DIES GESCHIEHT AUF DEINE EIGENE VERANTWORTUNG UND DEIN EIGENES RISIKO.<\/p><p><strong>2. Zugang und Lizenzen.<\/strong><\/p><p>Wir erteilen dir hiermit die Erlaubnis, die Website ausschlie\u00dflich zu deiner Information und f\u00fcr deinen pers\u00f6nlichen Gebrauch zu besuchen und zu nutzen, vorbehaltlich dieser Bedingungen und der Einhaltung der geltenden Gesetze. Sofern du die Dienste nutzen m\u00f6chtest, best\u00e4tigst du und erkl\u00e4rst dich damit einverstanden, dass wir dir eine nicht-exklusive, widerrufliche Lizenz zur Installation und Nutzung der Dienste ausschlie\u00dflich f\u00fcr deinen Gebrauch erteilen. Wir k\u00f6nnen die Dienste von Zeit zu Zeit \u00e4ndern, ohne dich vorher um deine Zustimmung zu bitten. Wir sind nicht verpflichtet, die Dienste zu unterst\u00fctzen, und k\u00f6nnen deine Lizenz jederzeit aussetzen oder k\u00fcndigen und die Dienste deaktivieren. Du darfst keine unerlaubten \u00c4nderungen vornehmen, die Dienste zur\u00fcckentwickeln, disassemblieren, dekompilieren oder versuchen, den Quellcode der Dienste abzuleiten.<\/p><p><strong>3. Zusicherungen, Garantien und Nutzungsbeschr\u00e4nkungen.<\/strong><\/p><p>Du erkl\u00e4rst und garantierst hiermit, dass du Dritte nicht dazu erm\u00e4chtigen oder ermutigen wirst, (1) die Website, Inhalte oder Dienste auf nicht konforme, ungesetzliche, illegale, betr\u00fcgerische oder unangemessene Weise zu nutzen (1) die Website, den Inhalt oder die Dienste auf nicht konforme, ungesetzliche, illegale, betr\u00fcgerische oder unangemessene Weise zu nutzen; (2) sicherheitsrelevante Funktionen der Website oder des Dienstes zu umgehen, zu deaktivieren oder anderweitig zu st\u00f6ren oder andere daran zu hindern, sie zu nutzen; (3) die Website, den Inhalt oder die Dienste zu modifizieren, davon abgeleitete Werke zu erstellen, zur\u00fcckzuentwickeln oder zu disassemblieren; (4) die Website, den Inhalt oder die Dienste zu entfernen, zu verunstalten, zu verschleiern oder zu ver\u00e4ndern, einschlie\u00dflich aller Urheberrechtshinweise, Marken oder anderer Eigentumsrechte, die als Teil der Website, des Inhalts oder der Dienste bereitgestellt werden; (5) die Website, den Inhalt oder die Dienste unrechtm\u00e4\u00dfig oder unter Verletzung der Rechte Dritter oder unserer Rechte, einschlie\u00dflich der Rechte an geistigem Eigentum und der Datenschutzrechte, oder unter Verletzung dieser Bedingungen zu nutzen; (6) die Website, den Inhalt oder die Dienste unterzulizenzieren, weiterzuverkaufen, zu vermieten, zu verleasen, abzutreten, Rechte zu \u00fcbertragen, zu teilen oder anderweitig kommerziell zu nutzen oder zu machen; (7) die Website, den Inhalt oder die Dienste mit automatisierten Mitteln (einschlie\u00dflich Robots, Scrapers usw.) zu nutzen, darauf zuzugreifen oder zu versuchen, darauf zuzugreifen. ); und (8) den Namen, das Logo oder die Marken des Unternehmens ohne vorherige schriftliche Zustimmung des Unternehmens zu verwenden<\/p><p><strong>4. Geistiges Eigentum.<\/strong><\/p><p>Die Website, die Dienste und der Inhalt, einschlie\u00dflich aller Marken und Logos (\"Marken\"), Texte, Dokumente, Beschreibungen, Produkte, Grafiken, Fotos, T\u00f6ne, Videos, interaktiven Funktionen, die in der Website, dem Inhalt und den Diensten enthalten sind oder \u00fcber diese zur Verf\u00fcgung gestellt werden, sind ausschlie\u00dfliches Eigentum unserer Offshore-Gesellschaft. Sofern hier nicht ausdr\u00fccklich etwas anderes bestimmt ist, wird dir keine Lizenz, kein Recht, kein Titel und keine Beteiligung an der Website, den Inhalten und den Diensten gew\u00e4hrt, und wir oder unsere Partner behalten uns alle Rechte, Titel und das Eigentum an der Website, den Inhalten und den Diensten vor. Du darfst Urheberrechte, Marken, Markennamen oder sonstiges geistiges Eigentum des Unternehmens in keiner Weise nutzen, au\u00dfer in dem begrenzten Umfang, der in diesen Bedingungen ausdr\u00fccklich vereinbart ist.<\/p><p><strong>5. Haftungsausschluss.<\/strong><\/p><p>Sofern hier nicht anders angegeben, werden die Website, die Inhalte und die Dienste ohne M\u00e4ngelgew\u00e4hr und ohne jegliche ausdr\u00fcckliche oder stillschweigende Gew\u00e4hrleistung bereitgestellt. Du \u00fcbernimmst die gesamte Verantwortung f\u00fcr den Zugriff auf die Website und die Dienste sowie f\u00fcr die Auswahl der Dienste, um die von dir gew\u00fcnschten Ergebnisse zu erzielen. CONVERTING STARS LEHNT HIERMIT ALLE AUSDR\u00dcCKLICHEN ODER STILLSCHWEIGENDEN GEW\u00c4HRLEISTUNGEN AB, EINSCHLIESSLICH, ABER NICHT BESCHR\u00c4NKT AUF STILLSCHWEIGENDE GEW\u00c4HRLEISTUNGEN DER MARKTG\u00c4NGIGKEIT, DES EIGENTUMSRECHTS, DER EIGNUNG F\u00dcR EINEN BESTIMMTEN ZWECK UND DER NICHTVERLETZUNG VON RECHTEN. Die auf der Website enthaltenen Daten, einschlie\u00dflich des Inhalts, werden ohne M\u00e4ngelgew\u00e4hr bereitgestellt, und Converting Stars \u00fcbernimmt keine Verantwortung oder Haftung f\u00fcr die Richtigkeit oder Auslassung von Daten auf der Website oder im Inhalt. Das Unternehmen \u00fcbernimmt keine Verantwortung f\u00fcr Entscheidungen oder Handlungen, die im Vertrauen auf die Website oder den Inhalt getroffen oder unterlassen werden, und wir \u00fcbernehmen auch keine Verantwortung f\u00fcr Verluste, Verletzungen oder Sch\u00e4den, die als Folge oder in Verbindung mit solchen Handlungen entstehen. Wir geben keine Zusicherungen oder Garantien, dass die Website, der Inhalt oder die Dienste an einem bestimmten Ort oder zu einem bestimmten Zeitpunkt verf\u00fcgbar sind oder sein werden. Das Unternehmen gibt keine ausdr\u00fccklichen oder stillschweigenden Zusicherungen, Garantien oder Bedingungen in Bezug auf die Sicherheit von Informationen, die du zur Verf\u00fcgung stellst, oder von Aktivit\u00e4ten, die du im Rahmen deiner Nutzung der Website, der Inhalte und der Dienste unternimmst. Die Nutzung der Website, der Inhalte und der Dienste erfolgt auf eigene Gefahr und Verantwortung. Das geltende Recht l\u00e4sst den Ausschluss bestimmter Garantien m\u00f6glicherweise nicht zu, so dass bestimmte Ausschl\u00fcsse, die hier aufgef\u00fchrt sind, m\u00f6glicherweise nicht gelten.<\/p><p><strong>6. Haftungsbeschr\u00e4nkung.<\/strong><\/p><p>DU NIMMST ZUR KENNTNIS UND ERKL\u00c4RST DICH DAMIT EINVERSTANDEN, DASS DAS UNTERNEHMEN, INSBESONDERE SEINE VERBUNDENEN UNTERNEHMEN UND DEREN LEITENDE ANGESTELLTE, GESCH\u00c4FTSF\u00dcHRER, MITARBEITER UND VERTRETER (ZUSAMMEN: \"UNTERNEHMENSGRUPPE\"), IM GR\u00d6SSTM\u00d6GLICHEN GESETZLICH ZUL\u00c4SSIGEN UMFANG NICHT F\u00dcR INDIREKTE, ZUF\u00c4LLIGE, FOLGE-, BESONDERE ODER EXEMPLARISCHE SCH\u00c4DEN ODER SCH\u00c4DEN F\u00dcR ENTGANGENEN GEWINN, UNTERBRECHUNG, DATENVERLUST, VERLUST VON FIRMENWERT, ARBEITSAUSFALL, GER\u00c4TEAUSFALL ODER ST\u00d6RUNGEN ODER SCH\u00c4DEN, DIE SICH AUS DER NUTZUNG ODER DER UNF\u00c4HIGKEIT ZUR NUTZUNG DER WEBSITE ODER DER DIENSTE ERGEBEN, HAFTBAR GEMACHT WERDEN K\u00d6NNEN, SELBST WENN DAS UNTERNEHMEN AUF DIE M\u00d6GLICHKEIT SOLCHER SCH\u00c4DEN HINGEWIESEN WORDEN IST. DAR\u00dcBER HINAUS SIND WIR NICHT HAFTBAR ODER VERANTWORTLICH F\u00dcR DIE NICHTERF\u00dcLLUNG ODER VERSP\u00c4TETE ERF\u00dcLLUNG EINER UNSERER VERPFLICHTUNGEN, DIE DURCH EIN EREIGNIS AUSSERHALB UNSERER KONTROLLE VERURSACHT WIRD (D. H. EINE HANDLUNG ODER EIN EREIGNIS, DAS AUSSERHALB UNSERER ANGEMESSENEN KONTROLLE LIEGT). DIE GESAMTE HAFTUNG DER UNTERNEHMENSGRUPPE F\u00dcR JEGLICHE ANSPR\u00dcCHE, DIE SICH AUS DIESEN BEDINGUNGEN ERGEBEN ODER MIT DIESEN DIENSTLEISTUNGEN IN ZUSAMMENHANG STEHEN, ENTSPRICHT IN KEINEM FALL DEM VON DIR AN CONVERTING STARS GEZAHLTEN BETRAG.<\/p><p><strong>7. Schadloshaltung.<\/strong><\/p><p>Du erkl\u00e4rst dich damit einverstanden, das Unternehmen und seine verbundenen Unternehmen sowie die jeweiligen leitenden Angestellten, Direktoren, Mitarbeiter und Vertreter von allen Anspr\u00fcchen Dritter, Sch\u00e4den, Haftungen und Ausgaben (einschlie\u00dflich angemessener Anwaltskosten) freizustellen, die aus deiner Nutzung der Website, der Inhalte oder der Dienste entstehen<\/p><p><strong>8. Beendigung.<\/strong><\/p><p>Du kannst deine Nutzung der Dienste jederzeit beenden oder deine Nutzung der Website einstellen. Wir k\u00f6nnen jeden Aspekt der Website, der Inhalte oder der Dienste jederzeit \u00e4ndern, modifizieren, aussetzen oder einstellen, ohne dich davon in Kenntnis zu setzen und ohne dass wir dir gegen\u00fcber in irgendeiner Weise haften.<\/p><p><strong>9. Gerichtsstand.<\/strong><\/p><p>Diese Bedingungen unterliegen den Gesetzen des Vereinigten K\u00f6nigreichs und sind nach diesen auszulegen. Du erkl\u00e4rst dich damit einverstanden, alle Streitigkeiten ausschlie\u00dflich vor dem zust\u00e4ndigen Gericht im Vereinigten K\u00f6nigreich zu kl\u00e4ren. Jeder Klagegrund, den du im Zusammenhang mit dem Dienst haben k\u00f6nntest, ist zeitlich auf ein (1) Jahr ab dem entstandenen Vorfall begrenzt und wird danach dauerhaft verj\u00e4hrt.<\/p><p><strong>10. Sonstiges.<\/strong><\/p><p>Diese Bedingungen stellen die gesamte Vereinbarung zwischen dir und dem Unternehmen \u00fcber die Nutzung der Dienste dar. Angenommen, eine Bestimmung dieser Allgemeinen Gesch\u00e4ftsbedingungen wird f\u00fcr nicht durchsetzbar erkl\u00e4rt. In diesem Fall wird die betreffende Bestimmung nur insoweit ge\u00e4ndert, als dies f\u00fcr ihre Durchsetzbarkeit erforderlich ist. Eine solche Entscheidung ber\u00fchrt nicht die Durchsetzbarkeit dieser Bestimmung unter anderen Umst\u00e4nden oder der \u00fcbrigen Bestimmungen dieser Gesch\u00e4ftsbedingungen unter allen Umst\u00e4nden. Das Vers\u00e4umnis des Unternehmens, im Falle eines Versto\u00dfes gegen diese Bedingungen Rechte durchzusetzen oder Ma\u00dfnahmen gegen dich zu ergreifen, gilt nicht als Verzicht auf diese Rechte oder auf sp\u00e4tere Ma\u00dfnahmen im Falle k\u00fcnftiger Verst\u00f6\u00dfe. Du darfst diese Bedingungen und die darin gew\u00e4hrten Rechte nicht ohne die vorherige schriftliche Zustimmung des Unternehmens abtreten. Das Unternehmen kann seine hierin festgelegten Rechte und Pflichten jederzeit nach eigenem Ermessen abtreten. Deine Beziehung zum Unternehmen ist die eines unabh\u00e4ngigen Auftragnehmers, und nichts in diesen Bedingungen soll oder darf so ausgelegt werden, dass ein Partnerschafts-, Agentur-, Joint-Venture- oder Arbeitsverh\u00e4ltnis entsteht.<\/p><p><strong>11. \u00c4nderungen.<\/strong><\/p><p>Wir behalten uns das Recht vor, die Bedingungen in regelm\u00e4\u00dfigen Abst\u00e4nden nach eigenem Ermessen zu \u00e4ndern oder zu \u00fcberarbeiten; solche \u00c4nderungen treten unmittelbar mit der Ver\u00f6ffentlichung der \u00fcberarbeiteten Bedingungen in Kraft. Das Datum der letzten \u00dcberarbeitung wird im Feld Zuletzt aktualisiert\" oben angezeigt. Wenn du die Dienste nach solchen \u00c4nderungen weiterhin nutzt, bedeutet dies, dass du die \u00c4nderungen der Bedingungen anerkennst und ihnen zustimmst und dich damit einverstanden erkl\u00e4rst. Bei einer wesentlichen \u00c4nderung werden wir unser Bestes tun, um dich mit einem geeigneten Kommunikationsmittel schriftlich zu informieren.<\/p><p><strong>KONTAKT<\/strong><\/p><p>Wenn du Fragen zu diesen Bedingungen hast, kontaktiere uns bitte unter 71-75, Shelton Street, Covent Garden, London, WC2H 9JQ, Vereinigtes K\u00f6nigreich.<\/p><p>Du kannst uns auch per E-Mail kontaktieren: <a style=\"color: #000;\" href=\"mailto:marketing@convertingstars.com\">marketing@convertingstars.com<\/a> oder per Telefon: <a style=\"color: #000;\" href=\"tel: 447458149527\">+447458149527<\/a><\/p>\t\t\t\t\t\t<\/div>\n\t\t\t\t<\/div>\n\t\t\t\t\t<\/div>\n\t\t<\/div>\n\t\t\t\t\t\t\t<\/div>\n\t\t<\/section>\n\t\t\t\t\t\t<\/div>\n\t\t\t\t\t<\/div>","protected":false},"excerpt":{"rendered":"<p>PLEASE READ THE FOLLOWING CAREFULLY BEFORE ACCEPTING THESE TERMS AND ACCESSING, USING OR REGISTERING FOR THE CONVERTING STARS WEBSITE, NEWSLETTER OR SERVICES. These website terms and conditions (\u201cTerms\u201d) are a legally binding agreement between Converting Stars LTD (\u201cCompany\u201d, \u201cwe\u201d, \u201cus\u201d, or \u201cour\u201d), and you, a visitor of our website (\u201cyou\u201d and \u201cwebsite\u201d, respectively). By accessing [&hellip;]<\/p>","protected":false},"author":1,"featured_media":0,"parent":0,"menu_order":202,"comment_status":"closed","ping_status":"closed","template":"","meta":{"om_disable_all_campaigns":false,"_monsterinsights_skip_tracking":false,"_monsterinsights_sitenote_active":false,"_monsterinsights_sitenote_note":"","_monsterinsights_sitenote_category":0,"footnotes":""},"yoast_head":"<!-- This site is optimized with the Yoast SEO plugin v17.8 - https:\/\/yoast.com\/wordpress\/plugins\/seo\/ -->\n<title>TERMS AND CONDITIONS - Converting Stars<\/title>\n<meta name=\"robots\" content=\"index, follow, max-snippet:-1, max-image-preview:large, max-video-preview:-1\" \/>\n<link rel=\"canonical\" href=\"https:\/\/convertingstars.com\/de\/terms-and-conditions\/\" \/>\n<meta property=\"og:locale\" content=\"de_DE\" \/>\n<meta property=\"og:type\" content=\"article\" \/>\n<meta property=\"og:title\" content=\"TERMS AND CONDITIONS - Converting Stars\" \/>\n<meta property=\"og:description\" content=\"PLEASE READ THE FOLLOWING CAREFULLY BEFORE ACCEPTING THESE TERMS AND ACCESSING, USING OR REGISTERING FOR THE CONVERTING STARS WEBSITE, NEWSLETTER OR SERVICES. These website terms and conditions (\u201cTerms\u201d) are a legally binding agreement between Converting Stars LTD (\u201cCompany\u201d, \u201cwe\u201d, \u201cus\u201d, or \u201cour\u201d), and you, a visitor of our website (\u201cyou\u201d and \u201cwebsite\u201d, respectively). By accessing [&hellip;]\" \/>\n<meta property=\"og:url\" content=\"https:\/\/convertingstars.com\/de\/terms-and-conditions\/\" \/>\n<meta property=\"og:site_name\" content=\"Converting Stars\" \/>\n<meta property=\"article:modified_time\" content=\"2022-12-27T17:08:24+00:00\" \/>\n<meta name=\"twitter:card\" content=\"summary_large_image\" \/>\n<meta name=\"twitter:label1\" content=\"Gesch\u00e4tzte Lesezeit\" \/>\n\t<meta name=\"twitter:data1\" content=\"8\u00a0Minuten\" \/>\n<script type=\"application\/ld+json\" class=\"yoast-schema-graph\">{\"@context\":\"https:\/\/schema.org\",\"@graph\":[{\"@type\":\"WebSite\",\"@id\":\"https:\/\/convertingstars.com\/#website\",\"url\":\"https:\/\/convertingstars.com\/\",\"name\":\"Converting Stars\",\"description\":\"\",\"potentialAction\":[{\"@type\":\"SearchAction\",\"target\":{\"@type\":\"EntryPoint\",\"urlTemplate\":\"https:\/\/convertingstars.com\/?s={search_term_string}\"},\"query-input\":\"required name=search_term_string\"}],\"inLanguage\":\"de\"},{\"@type\":\"WebPage\",\"@id\":\"https:\/\/convertingstars.com\/terms-and-conditions\/#webpage\",\"url\":\"https:\/\/convertingstars.com\/terms-and-conditions\/\",\"name\":\"TERMS AND CONDITIONS - Converting Stars\",\"isPartOf\":{\"@id\":\"https:\/\/convertingstars.com\/#website\"},\"datePublished\":\"2020-02-06T08:17:05+00:00\",\"dateModified\":\"2022-12-27T17:08:24+00:00\",\"breadcrumb\":{\"@id\":\"https:\/\/convertingstars.com\/terms-and-conditions\/#breadcrumb\"},\"inLanguage\":\"de\",\"potentialAction\":[{\"@type\":\"ReadAction\",\"target\":[\"https:\/\/convertingstars.com\/terms-and-conditions\/\"]}]},{\"@type\":\"BreadcrumbList\",\"@id\":\"https:\/\/convertingstars.com\/terms-and-conditions\/#breadcrumb\",\"itemListElement\":[{\"@type\":\"ListItem\",\"position\":1,\"name\":\"Home\",\"item\":\"https:\/\/convertingstars.com\/\"},{\"@type\":\"ListItem\",\"position\":2,\"name\":\"TERMS AND CONDITIONS\"}]}]}<\/script>\n<!-- \/ Yoast SEO plugin. -->","yoast_head_json":{"title":"TERMS AND CONDITIONS - Converting Stars","robots":{"index":"index","follow":"follow","max-snippet":"max-snippet:-1","max-image-preview":"max-image-preview:large","max-video-preview":"max-video-preview:-1"},"canonical":"https:\/\/convertingstars.com\/de\/terms-and-conditions\/","og_locale":"de_DE","og_type":"article","og_title":"TERMS AND CONDITIONS - Converting Stars","og_description":"PLEASE READ THE FOLLOWING CAREFULLY BEFORE ACCEPTING THESE TERMS AND ACCESSING, USING OR REGISTERING FOR THE CONVERTING STARS WEBSITE, NEWSLETTER OR SERVICES. These website terms and conditions (\u201cTerms\u201d) are a legally binding agreement between Converting Stars LTD (\u201cCompany\u201d, \u201cwe\u201d, \u201cus\u201d, or \u201cour\u201d), and you, a visitor of our website (\u201cyou\u201d and \u201cwebsite\u201d, respectively). By accessing [&hellip;]","og_url":"https:\/\/convertingstars.com\/de\/terms-and-conditions\/","og_site_name":"Converting Stars","article_modified_time":"2022-12-27T17:08:24+00:00","twitter_card":"summary_large_image","twitter_misc":{"Gesch\u00e4tzte Lesezeit":"8\u00a0Minuten"},"schema":{"@context":"https:\/\/schema.org","@graph":[{"@type":"WebSite","@id":"https:\/\/convertingstars.com\/#website","url":"https:\/\/convertingstars.com\/","name":"Converting Stars","description":"","potentialAction":[{"@type":"SearchAction","target":{"@type":"EntryPoint","urlTemplate":"https:\/\/convertingstars.com\/?s={search_term_string}"},"query-input":"required name=search_term_string"}],"inLanguage":"de"},{"@type":"WebPage","@id":"https:\/\/convertingstars.com\/terms-and-conditions\/#webpage","url":"https:\/\/convertingstars.com\/terms-and-conditions\/","name":"TERMS AND CONDITIONS - Converting Stars","isPartOf":{"@id":"https:\/\/convertingstars.com\/#website"},"datePublished":"2020-02-06T08:17:05+00:00","dateModified":"2022-12-27T17:08:24+00:00","breadcrumb":{"@id":"https:\/\/convertingstars.com\/terms-and-conditions\/#breadcrumb"},"inLanguage":"de","potentialAction":[{"@type":"ReadAction","target":["https:\/\/convertingstars.com\/terms-and-conditions\/"]}]},{"@type":"BreadcrumbList","@id":"https:\/\/convertingstars.com\/terms-and-conditions\/#breadcrumb","itemListElement":[{"@type":"ListItem","position":1,"name":"Home","item":"https:\/\/convertingstars.com\/"},{"@type":"ListItem","position":2,"name":"TERMS AND CONDITIONS"}]}]}},"_links":{"self":[{"href":"https:\/\/convertingstars.com\/de\/wp-json\/wp\/v2\/pages\/44242"}],"collection":[{"href":"https:\/\/convertingstars.com\/de\/wp-json\/wp\/v2\/pages"}],"about":[{"href":"https:\/\/convertingstars.com\/de\/wp-json\/wp\/v2\/types\/page"}],"author":[{"embeddable":true,"href":"https:\/\/convertingstars.com\/de\/wp-json\/wp\/v2\/users\/1"}],"replies":[{"embeddable":true,"href":"https:\/\/convertingstars.com\/de\/wp-json\/wp\/v2\/comments?post=44242"}],"version-history":[{"count":32,"href":"https:\/\/convertingstars.com\/de\/wp-json\/wp\/v2\/pages\/44242\/revisions"}],"predecessor-version":[{"id":76660,"href":"https:\/\/convertingstars.com\/de\/wp-json\/wp\/v2\/pages\/44242\/revisions\/76660"}],"wp:attachment":[{"href":"https:\/\/convertingstars.com\/de\/wp-json\/wp\/v2\/media?parent=44242"}],"curies":[{"name":"wp","href":"https:\/\/api.w.org\/{rel}","templated":true}]}}